{"id":53792,"date":"2023-04-17T07:07:46","date_gmt":"2023-04-17T05:07:46","guid":{"rendered":"https:\/\/justice-initiative.eu\/petition-embed\/"},"modified":"2023-09-13T15:31:52","modified_gmt":"2023-09-13T13:31:52","slug":"petition-embed","status":"publish","type":"page","link":"https:\/\/justice-initiative.eu\/sv\/petition-embed\/","title":{"rendered":"Skriv under r\u00e4ttviseinitiativet!"},"content":{"rendered":"<div class=\"fusion-fullwidth fullwidth-box fusion-builder-row-1 fusion-flex-container has-pattern-background has-mask-background nonhundred-percent-fullwidth non-hundred-percent-height-scrolling\" style=\"--awb-border-radius-top-left:0px;--awb-border-radius-top-right:0px;--awb-border-radius-bottom-right:0px;--awb-border-radius-bottom-left:0px;--awb-flex-wrap:wrap;\" ><div class=\"fusion-builder-row fusion-row fusion-flex-align-items-flex-start fusion-flex-content-wrap\" style=\"max-width:1289.6px;margin-left: calc(-4% \/ 2 );margin-right: calc(-4% \/ 2 );\"><div class=\"fusion-layout-column fusion_builder_column fusion-builder-column-0 fusion_builder_column_1_1 1_1 fusion-flex-column oaks_foundation\" style=\"--awb-bg-size:cover;--awb-width-large:100%;--awb-margin-top-large:0px;--awb-spacing-right-large:1.92%;--awb-margin-bottom-large:20px;--awb-spacing-left-large:1.92%;--awb-width-medium:100%;--awb-order-medium:0;--awb-spacing-right-medium:1.92%;--awb-spacing-left-medium:1.92%;--awb-width-small:100%;--awb-order-small:0;--awb-spacing-right-small:1.92%;--awb-spacing-left-small:1.92%;\"><div class=\"fusion-column-wrapper fusion-column-has-shadow fusion-flex-justify-content-flex-start fusion-content-layout-column\"><div class=\"fusion-separator fusion-full-width-sep\" style=\"align-self: center;margin-left: auto;margin-right: auto;margin-top:30px;width:100%;\"><\/div><div class=\"fusion-text fusion-text-1 childsafety_counter\" style=\"--awb-line-height:1;\"><h2><strong><span class=\"gform_count\">543,531<\/span><\/strong><span style=\"font-weight: 500; line-height: normal;\"> har skrivit p\u00e5 f\u00f6r att g\u00f6ra internet s\u00e4kert f\u00f6r barn och stoppa sexuella \u00f6vergrepp mot barn i EU.<\/span><\/h2>\n<\/div><div class=\"fusion-text fusion-text-2 fusion-text-no-margin semi-bold \" style=\"--awb-font-size:11px;--awb-line-height:1;--awb-margin-bottom:10px;\"><p>Vi behandlar dina uppgifter i <a href=\"https:\/\/justice-initiative.eu\/privacy-policy\/\">enlighet med Justice Initiatives integritetspolicy.<\/a><\/p>\n<\/div><div class=\"fusion-text fusion-text-3 fusion-text-no-margin semi-bold\" style=\"--awb-font-size:11px;--awb-line-height:1;\"><p>Du kommer att f\u00e5 en e-postbekr\u00e4ftelse vid underskrift, \u00e4ven om du inte har valt att ta emot kampanjuppdateringar via e-post.<\/p>\n<\/div><\/div><\/div><\/div><\/div>\n","protected":false},"excerpt":{"rendered":"","protected":false},"author":12,"featured_media":0,"parent":0,"menu_order":0,"comment_status":"closed","ping_status":"closed","template":"","meta":[],"yoast_head":"<!-- This site is optimized with the Yoast SEO plugin v21.7 - https:\/\/yoast.com\/wordpress\/plugins\/seo\/ -->\n<title>Skriv under r\u00e4ttviseinitiativet! - Justice Initiative<\/title>\n<meta name=\"robots\" content=\"index, follow, max-snippet:-1, max-image-preview:large, max-video-preview:-1\" \/>\n<link rel=\"canonical\" href=\"https:\/\/justice-initiative.eu\/sv\/petition-embed\/\" \/>\n<meta property=\"og:locale\" content=\"sv_SE\" \/>\n<meta property=\"og:type\" content=\"article\" \/>\n<meta property=\"og:title\" content=\"Skriv under r\u00e4ttviseinitiativet! - Justice Initiative\" \/>\n<meta property=\"og:url\" content=\"https:\/\/justice-initiative.eu\/sv\/petition-embed\/\" \/>\n<meta property=\"og:site_name\" content=\"Justice Initiative\" \/>\n<meta property=\"article:modified_time\" content=\"2023-09-13T13:31:52+00:00\" \/>\n<meta name=\"twitter:card\" content=\"summary_large_image\" \/>\n<meta name=\"twitter:label1\" content=\"Ber\u00e4knad l\u00e4stid\" \/>\n\t<meta name=\"twitter:data1\" content=\"2 minuter\" \/>\n<script type=\"application\/ld+json\" class=\"yoast-schema-graph\">{\"@context\":\"https:\/\/schema.org\",\"@graph\":[{\"@type\":\"WebPage\",\"@id\":\"https:\/\/justice-initiative.eu\/sv\/petition-embed\/\",\"url\":\"https:\/\/justice-initiative.eu\/sv\/petition-embed\/\",\"name\":\"Skriv under r\u00e4ttviseinitiativet! - Justice Initiative\",\"isPartOf\":{\"@id\":\"https:\/\/justice-initiative.eu\/sv\/#website\"},\"datePublished\":\"2023-04-17T05:07:46+00:00\",\"dateModified\":\"2023-09-13T13:31:52+00:00\",\"breadcrumb\":{\"@id\":\"https:\/\/justice-initiative.eu\/sv\/petition-embed\/#breadcrumb\"},\"inLanguage\":\"sv-SE\",\"potentialAction\":[{\"@type\":\"ReadAction\",\"target\":[\"https:\/\/justice-initiative.eu\/sv\/petition-embed\/\"]}]},{\"@type\":\"BreadcrumbList\",\"@id\":\"https:\/\/justice-initiative.eu\/sv\/petition-embed\/#breadcrumb\",\"itemListElement\":[{\"@type\":\"ListItem\",\"position\":1,\"name\":\"Home\",\"item\":\"https:\/\/justice-initiative.eu\/sv\/\"},{\"@type\":\"ListItem\",\"position\":2,\"name\":\"Skriv under r\u00e4ttviseinitiativet!\"}]},{\"@type\":\"WebSite\",\"@id\":\"https:\/\/justice-initiative.eu\/sv\/#website\",\"url\":\"https:\/\/justice-initiative.eu\/sv\/\",\"name\":\"Justice Initiative\",\"description\":\"\",\"publisher\":{\"@id\":\"https:\/\/justice-initiative.eu\/sv\/#organization\"},\"potentialAction\":[{\"@type\":\"SearchAction\",\"target\":{\"@type\":\"EntryPoint\",\"urlTemplate\":\"https:\/\/justice-initiative.eu\/sv\/?s={search_term_string}\"},\"query-input\":\"required name=search_term_string\"}],\"inLanguage\":\"sv-SE\"},{\"@type\":\"Organization\",\"@id\":\"https:\/\/justice-initiative.eu\/sv\/#organization\",\"name\":\"Justice Initiative\",\"url\":\"https:\/\/justice-initiative.eu\/sv\/\",\"logo\":{\"@type\":\"ImageObject\",\"inLanguage\":\"sv-SE\",\"@id\":\"https:\/\/justice-initiative.eu\/sv\/#\/schema\/logo\/image\/\",\"url\":\"https:\/\/justice-initiative.eu\/wp-content\/uploads\/2021\/09\/favicon.png\",\"contentUrl\":\"https:\/\/justice-initiative.eu\/wp-content\/uploads\/2021\/09\/favicon.png\",\"width\":100,\"height\":103,\"caption\":\"Justice Initiative\"},\"image\":{\"@id\":\"https:\/\/justice-initiative.eu\/sv\/#\/schema\/logo\/image\/\"}}]}<\/script>\n<!-- \/ Yoast SEO plugin. -->","yoast_head_json":{"title":"Skriv under r\u00e4ttviseinitiativet! - Justice Initiative","robots":{"index":"index","follow":"follow","max-snippet":"max-snippet:-1","max-image-preview":"max-image-preview:large","max-video-preview":"max-video-preview:-1"},"canonical":"https:\/\/justice-initiative.eu\/sv\/petition-embed\/","og_locale":"sv_SE","og_type":"article","og_title":"Skriv under r\u00e4ttviseinitiativet! - Justice Initiative","og_url":"https:\/\/justice-initiative.eu\/sv\/petition-embed\/","og_site_name":"Justice Initiative","article_modified_time":"2023-09-13T13:31:52+00:00","twitter_card":"summary_large_image","twitter_misc":{"Ber\u00e4knad l\u00e4stid":"2 minuter"},"schema":{"@context":"https:\/\/schema.org","@graph":[{"@type":"WebPage","@id":"https:\/\/justice-initiative.eu\/sv\/petition-embed\/","url":"https:\/\/justice-initiative.eu\/sv\/petition-embed\/","name":"Skriv under r\u00e4ttviseinitiativet! - Justice Initiative","isPartOf":{"@id":"https:\/\/justice-initiative.eu\/sv\/#website"},"datePublished":"2023-04-17T05:07:46+00:00","dateModified":"2023-09-13T13:31:52+00:00","breadcrumb":{"@id":"https:\/\/justice-initiative.eu\/sv\/petition-embed\/#breadcrumb"},"inLanguage":"sv-SE","potentialAction":[{"@type":"ReadAction","target":["https:\/\/justice-initiative.eu\/sv\/petition-embed\/"]}]},{"@type":"BreadcrumbList","@id":"https:\/\/justice-initiative.eu\/sv\/petition-embed\/#breadcrumb","itemListElement":[{"@type":"ListItem","position":1,"name":"Home","item":"https:\/\/justice-initiative.eu\/sv\/"},{"@type":"ListItem","position":2,"name":"Skriv under r\u00e4ttviseinitiativet!"}]},{"@type":"WebSite","@id":"https:\/\/justice-initiative.eu\/sv\/#website","url":"https:\/\/justice-initiative.eu\/sv\/","name":"Justice Initiative","description":"","publisher":{"@id":"https:\/\/justice-initiative.eu\/sv\/#organization"},"potentialAction":[{"@type":"SearchAction","target":{"@type":"EntryPoint","urlTemplate":"https:\/\/justice-initiative.eu\/sv\/?s={search_term_string}"},"query-input":"required name=search_term_string"}],"inLanguage":"sv-SE"},{"@type":"Organization","@id":"https:\/\/justice-initiative.eu\/sv\/#organization","name":"Justice Initiative","url":"https:\/\/justice-initiative.eu\/sv\/","logo":{"@type":"ImageObject","inLanguage":"sv-SE","@id":"https:\/\/justice-initiative.eu\/sv\/#\/schema\/logo\/image\/","url":"https:\/\/justice-initiative.eu\/wp-content\/uploads\/2021\/09\/favicon.png","contentUrl":"https:\/\/justice-initiative.eu\/wp-content\/uploads\/2021\/09\/favicon.png","width":100,"height":103,"caption":"Justice Initiative"},"image":{"@id":"https:\/\/justice-initiative.eu\/sv\/#\/schema\/logo\/image\/"}}]}},"_links":{"self":[{"href":"https:\/\/justice-initiative.eu\/sv\/wp-json\/wp\/v2\/pages\/53792"}],"collection":[{"href":"https:\/\/justice-initiative.eu\/sv\/wp-json\/wp\/v2\/pages"}],"about":[{"href":"https:\/\/justice-initiative.eu\/sv\/wp-json\/wp\/v2\/types\/page"}],"author":[{"embeddable":true,"href":"https:\/\/justice-initiative.eu\/sv\/wp-json\/wp\/v2\/users\/12"}],"replies":[{"embeddable":true,"href":"https:\/\/justice-initiative.eu\/sv\/wp-json\/wp\/v2\/comments?post=53792"}],"version-history":[{"count":2,"href":"https:\/\/justice-initiative.eu\/sv\/wp-json\/wp\/v2\/pages\/53792\/revisions"}],"predecessor-version":[{"id":53802,"href":"https:\/\/justice-initiative.eu\/sv\/wp-json\/wp\/v2\/pages\/53792\/revisions\/53802"}],"wp:attachment":[{"href":"https:\/\/justice-initiative.eu\/sv\/wp-json\/wp\/v2\/media?parent=53792"}],"curies":[{"name":"wp","href":"https:\/\/api.w.org\/{rel}","templated":true}]}}