{"id":2895,"date":"2021-09-03T05:15:12","date_gmt":"2021-09-03T03:15:12","guid":{"rendered":"https:\/\/justice-initiative.eu\/motion\/"},"modified":"2022-05-09T16:09:37","modified_gmt":"2022-05-09T14:09:37","slug":"motion","status":"publish","type":"page","link":"https:\/\/justice-initiative.eu\/pt-pt\/motion\/","title":{"rendered":"MOVIMENTO"},"content":{"rendered":"<div class=\"fusion-fullwidth fullwidth-box fusion-builder-row-1 fusion-flex-container nonhundred-percent-fullwidth non-hundred-percent-height-scrolling\" style=\"--awb-border-radius-top-left:0px;--awb-border-radius-top-right:0px;--awb-border-radius-bottom-right:0px;--awb-border-radius-bottom-left:0px;--awb-flex-wrap:wrap;\" ><div class=\"fusion-builder-row fusion-row fusion-flex-align-items-flex-start fusion-flex-content-wrap\" style=\"max-width:1289.6px;margin-left: calc(-4% \/ 2 );margin-right: calc(-4% \/ 2 );\"><div class=\"fusion-layout-column fusion_builder_column fusion-builder-column-0 fusion_builder_column_1_1 1_1 fusion-flex-column\" style=\"--awb-bg-size:cover;--awb-width-large:100%;--awb-margin-top-large:0px;--awb-spacing-right-large:1.92%;--awb-margin-bottom-large:20px;--awb-spacing-left-large:1.92%;--awb-width-medium:100%;--awb-order-medium:0;--awb-spacing-right-medium:1.92%;--awb-spacing-left-medium:1.92%;--awb-width-small:100%;--awb-order-small:0;--awb-spacing-right-small:1.92%;--awb-spacing-left-small:1.92%;\"><div class=\"fusion-column-wrapper fusion-column-has-shadow fusion-flex-justify-content-flex-start fusion-content-layout-column\"><div class=\"fusion-title title fusion-title-1 fusion-sep-none fusion-title-text fusion-title-size-two\"><h2 class=\"fusion-title-heading title-heading-left\" style=\"margin:0;\"><p style=\"font-weight: 400;\">No Outono de 2021, foi apresentada uma mo\u00e7\u00e3o ao Conselho da Europa.<\/p><\/h2><\/div><div class=\"fusion-separator\" style=\"align-self: flex-start;margin-right:auto;margin-top:0px;margin-bottom:40px;width:100%;max-width:200px;\"><div class=\"fusion-separator-border sep-single sep-solid\" style=\"--awb-height:20px;--awb-amount:20px;--awb-sep-color:#fec96b;border-color:#fec96b;border-top-width:3px;\"><\/div><\/div><div class=\"fusion-text fusion-text-1 fusion-text-no-margin\" style=\"--awb-margin-bottom:40px;\"><p style=\"font-weight: 400;\">A base da mo\u00e7\u00e3o \u00e9 um memorando de entendimento que foi assinado anteriormente num grande simp\u00f3sio europeu na Su\u00ed\u00e7a. No centro da iniciativa est\u00e3o quatro exig\u00eancias.<\/p>\n<\/div><div class=\"fusion-content-boxes content-boxes columns row fusion-columns-1 fusion-columns-total-4 fusion-content-boxes-1 content-boxes-icon-with-title content-left fusion-delayed-animation\" style=\"--awb-margin-bottom:0px;--awb-hover-accent-color:#fec96b;--awb-circle-hover-accent-color:transparent;--awb-item-margin-bottom:40px;\" data-animation-delay=\"200\" data-animationOffset=\"top-into-view\"><div style=\"--awb-backgroundcolor:#f8f8f8;\" class=\"fusion-column content-box-column content-box-column content-box-column-1 col-lg-12 col-md-12 col-sm-12 fusion-content-box-hover content-box-column-last-in-row\"><div class=\"col content-box-wrapper content-wrapper-background link-area-link-icon icon-hover-animation-fade fusion-animated\" data-animationType=\"fadeInLeft\" data-animationDuration=\"1.0\" data-animationOffset=\"top-into-view\"><div class=\"heading heading-with-icon icon-left\"><div class=\"icon\" style=\"-webkit-animation-duration: 200ms;animation-duration: 200ms;\"><i style=\"background-color:transparent;border-color:transparent;height:auto;width: 26px;line-height:normal;font-size:26px;\" aria-hidden=\"true\" class=\"fontawesome-icon fa-angle-double-right fas circle-no\"><\/i><\/div><h3 class=\"content-box-heading\" style=\"--h3_typography-font-size:26px;line-height:31px;\">Verdade sobre os abusos de crian\u00e7as<\/h3><\/div><div class=\"fusion-clearfix\"><\/div><div class=\"content-container\">\n<p style=\"font-weight: 400;\">O CoE e os Estados-Membros (EmS) asseguram uma investiga\u00e7\u00e3o cient\u00edfica independente sobre a viola\u00e7\u00e3o dos direitos das crian\u00e7as nos pa\u00edses individuais e promovem a discuss\u00e3o p\u00fablica sobre as quest\u00f5es. A investiga\u00e7\u00e3o deve ser abrangente. Os peritos de diferentes \u00e1reas das ci\u00eancias sociais precisam de estar empenhados na realiza\u00e7\u00e3o de investiga\u00e7\u00f5es cient\u00edficas robustas sobre a quest\u00e3o.<\/p>\n<\/div><\/div><\/div><div style=\"--awb-backgroundcolor:#f8f8f8;\" class=\"fusion-column content-box-column content-box-column content-box-column-2 col-lg-12 col-md-12 col-sm-12 fusion-content-box-hover content-box-column-last-in-row\"><div class=\"col content-box-wrapper content-wrapper-background link-area-link-icon icon-hover-animation-fade fusion-animated\" data-animationType=\"fadeInLeft\" data-animationDuration=\"1.0\" data-animationOffset=\"top-into-view\"><div class=\"heading heading-with-icon icon-left\"><div class=\"icon\" style=\"-webkit-animation-duration: 200ms;animation-duration: 200ms;\"><i style=\"background-color:transparent;border-color:transparent;height:auto;width: 26px;line-height:normal;font-size:26px;\" aria-hidden=\"true\" class=\"fontawesome-icon fa-angle-double-right fas circle-no\"><\/i><\/div><h3 class=\"content-box-heading\" style=\"--h3_typography-font-size:26px;line-height:31px;\">Reconhecimento oficial<\/h3><\/div><div class=\"fusion-clearfix\"><\/div><div class=\"content-container\">\n<p style=\"font-weight: 400;\">O COE e os Estados-Membros prev\u00eaem o reconhecimento oficial das crian\u00e7as que sofrem de qualquer tipo de viol\u00eancia sexual, f\u00edsica e psicol\u00f3gica (incluindo o impacto adverso da discrimina\u00e7\u00e3o), especialmente no que diz respeito \u00e0s crian\u00e7as em institui\u00e7\u00f5es privadas e p\u00fablicas\/igrejas e \u00e0s que s\u00e3o colocadas externamente, adotadas \u00e0 for\u00e7a ou separadas das suas m\u00e3es. O reconhecimento e o pedido de desculpas do Estado devem ser fornecidos de acordo com os melhores padr\u00f5es e pr\u00e1ticas internacionais.<\/p>\n<\/div><\/div><\/div><div style=\"--awb-backgroundcolor:#f8f8f8;\" class=\"fusion-column content-box-column content-box-column content-box-column-3 col-lg-12 col-md-12 col-sm-12 fusion-content-box-hover content-box-column-last-in-row\"><div class=\"col content-box-wrapper content-wrapper-background link-area-link-icon icon-hover-animation-fade fusion-animated\" data-animationType=\"fadeInLeft\" data-animationDuration=\"1.0\" data-animationOffset=\"top-into-view\"><div class=\"heading heading-with-icon icon-left\"><div class=\"icon\" style=\"-webkit-animation-duration: 200ms;animation-duration: 200ms;\"><i style=\"background-color:transparent;border-color:transparent;height:auto;width: 26px;line-height:normal;font-size:26px;\" aria-hidden=\"true\" class=\"fontawesome-icon fa-angle-double-right fas circle-no\"><\/i><\/div><h3 class=\"content-box-heading\" style=\"--h3_typography-font-size:26px;line-height:31px;\">Repara\u00e7\u00e3o<\/h3><\/div><div class=\"fusion-clearfix\"><\/div><div class=\"content-container\">\n<p style=\"font-weight: 400;\">O CoE e os Estados-Membros prev\u00eaem a repara\u00e7\u00e3o oficial das crian\u00e7as que sofrem de qualquer tipo de viol\u00eancia sexual, f\u00edsica e psicol\u00f3gica. O CoE e os Estados-Membros asseguram que as v\u00edtimas recebem uma contribui\u00e7\u00e3o solid\u00e1ria, o montante a determinar em conformidade com as melhores pr\u00e1ticas internacionais. Aqueles que, em crian\u00e7as, foram severamente afetados por tais viola\u00e7\u00f5es dos direitos humanos e das crian\u00e7as t\u00eam direito a repara\u00e7\u00e3o.<\/p>\n<p style=\"font-weight: 400;\">Os indiv\u00edduos t\u00eam o direito de receber uma contribui\u00e7\u00e3o solid\u00e1ria sem qualquer limita\u00e7\u00e3o de tempo. O momento em que os abusos ocorreram e o momento em que a pessoa divulga abusos n\u00e3o ser\u00e1 uma justifica\u00e7\u00e3o para a recusa de receber uma contribui\u00e7\u00e3o solid\u00e1ria.<\/p>\n<\/div><\/div><\/div><div style=\"--awb-backgroundcolor:#f8f8f8;\" class=\"fusion-column content-box-column content-box-column content-box-column-4 col-lg-12 col-md-12 col-sm-12 fusion-content-box-hover content-box-column-last content-box-column-last-in-row\"><div class=\"col content-box-wrapper content-wrapper-background link-area-link-icon icon-hover-animation-fade fusion-animated\" data-animationType=\"fadeInLeft\" data-animationDuration=\"1.0\" data-animationOffset=\"top-into-view\"><div class=\"heading heading-with-icon icon-left\"><div class=\"icon\" style=\"-webkit-animation-duration: 200ms;animation-duration: 200ms;\"><i style=\"background-color:transparent;border-color:transparent;height:auto;width: 26px;line-height:normal;font-size:26px;\" aria-hidden=\"true\" class=\"fontawesome-icon fa-angle-double-right fas circle-no\"><\/i><\/div><h3 class=\"content-box-heading\" style=\"--h3_typography-font-size:26px;line-height:31px;\">Preven\u00e7\u00e3o<\/h3><\/div><div class=\"fusion-clearfix\"><\/div><div class=\"content-container\">\n<p style=\"font-weight: 400;\">A UE e os Estados-Membros asseguram que as atuais legisla\u00e7\u00f5es nos diferentes pa\u00edses se centrem na prote\u00e7\u00e3o de todas as crian\u00e7as contra abusos e maus tratos e que o trabalho preventivo seja refor\u00e7ado.<\/p>\n<p style=\"font-weight: 400;\">A Assembleia Parlamentar do Conselho da Europa deve tamb\u00e9m fazer recomenda\u00e7\u00f5es a este respeito.<\/p>\n<\/div><\/div><\/div><div class=\"fusion-clearfix\"><\/div><\/div><div ><a class=\"fusion-button button-flat fusion-button-default-size button-default fusion-button-default button-1 fusion-button-default-span fusion-button-default-type\" style=\"--button_margin-top:25px;\" target=\"_self\" href=\"https:\/\/justice-initiative.eu\/contact\/\"><span class=\"fusion-button-text\">For further questions please contact us<\/span><\/a><\/div>\n<\/div><\/div><\/div><\/div>\n","protected":false},"excerpt":{"rendered":"","protected":false},"author":2,"featured_media":0,"parent":0,"menu_order":0,"comment_status":"closed","ping_status":"closed","template":"100-width.php","meta":[],"yoast_head":"<!-- This site is optimized with the Yoast SEO plugin v21.7 - https:\/\/yoast.com\/wordpress\/plugins\/seo\/ -->\n<title>Council of Europe motion | Justice Initiative<\/title>\n<meta name=\"description\" content=\"Our 4 demands of the initiative: Truth about child abuses \u2713 Official recognition \u2713 Reparation \u2713 Prevention \u2713 For more Information click here!\" \/>\n<meta name=\"robots\" content=\"index, follow, max-snippet:-1, max-image-preview:large, max-video-preview:-1\" \/>\n<link rel=\"canonical\" href=\"https:\/\/justice-initiative.eu\/pt-pt\/motion\/\" \/>\n<meta property=\"og:locale\" content=\"pt_PT\" \/>\n<meta property=\"og:type\" content=\"article\" \/>\n<meta property=\"og:title\" content=\"Council of Europe motion | Justice Initiative\" \/>\n<meta property=\"og:description\" content=\"Our 4 demands of the initiative: Truth about child abuses \u2713 Official recognition \u2713 Reparation \u2713 Prevention \u2713 For more Information click here!\" \/>\n<meta property=\"og:url\" content=\"https:\/\/justice-initiative.eu\/pt-pt\/motion\/\" \/>\n<meta property=\"og:site_name\" content=\"Justice Initiative\" \/>\n<meta property=\"article:modified_time\" content=\"2022-05-09T14:09:37+00:00\" \/>\n<meta name=\"twitter:card\" content=\"summary_large_image\" \/>\n<meta name=\"twitter:label1\" content=\"Tempo estimado de leitura\" \/>\n\t<meta name=\"twitter:data1\" content=\"4 minutos\" \/>\n<script type=\"application\/ld+json\" class=\"yoast-schema-graph\">{\"@context\":\"https:\/\/schema.org\",\"@graph\":[{\"@type\":\"WebPage\",\"@id\":\"https:\/\/justice-initiative.eu\/pt-pt\/motion\/\",\"url\":\"https:\/\/justice-initiative.eu\/pt-pt\/motion\/\",\"name\":\"Council of Europe motion | Justice Initiative\",\"isPartOf\":{\"@id\":\"https:\/\/justice-initiative.eu\/pt-pt\/#website\"},\"datePublished\":\"2021-09-03T03:15:12+00:00\",\"dateModified\":\"2022-05-09T14:09:37+00:00\",\"description\":\"Our 4 demands of the initiative: Truth about child abuses \u2713 Official recognition \u2713 Reparation \u2713 Prevention \u2713 For more Information click here!\",\"breadcrumb\":{\"@id\":\"https:\/\/justice-initiative.eu\/pt-pt\/motion\/#breadcrumb\"},\"inLanguage\":\"pt-PT\",\"potentialAction\":[{\"@type\":\"ReadAction\",\"target\":[\"https:\/\/justice-initiative.eu\/pt-pt\/motion\/\"]}]},{\"@type\":\"BreadcrumbList\",\"@id\":\"https:\/\/justice-initiative.eu\/pt-pt\/motion\/#breadcrumb\",\"itemListElement\":[{\"@type\":\"ListItem\",\"position\":1,\"name\":\"Home\",\"item\":\"https:\/\/justice-initiative.eu\/pt-pt\/\"},{\"@type\":\"ListItem\",\"position\":2,\"name\":\"MOVIMENTO\"}]},{\"@type\":\"WebSite\",\"@id\":\"https:\/\/justice-initiative.eu\/pt-pt\/#website\",\"url\":\"https:\/\/justice-initiative.eu\/pt-pt\/\",\"name\":\"Justice Initiative\",\"description\":\"\",\"publisher\":{\"@id\":\"https:\/\/justice-initiative.eu\/pt-pt\/#organization\"},\"potentialAction\":[{\"@type\":\"SearchAction\",\"target\":{\"@type\":\"EntryPoint\",\"urlTemplate\":\"https:\/\/justice-initiative.eu\/pt-pt\/?s={search_term_string}\"},\"query-input\":\"required name=search_term_string\"}],\"inLanguage\":\"pt-PT\"},{\"@type\":\"Organization\",\"@id\":\"https:\/\/justice-initiative.eu\/pt-pt\/#organization\",\"name\":\"Justice Initiative\",\"url\":\"https:\/\/justice-initiative.eu\/pt-pt\/\",\"logo\":{\"@type\":\"ImageObject\",\"inLanguage\":\"pt-PT\",\"@id\":\"https:\/\/justice-initiative.eu\/pt-pt\/#\/schema\/logo\/image\/\",\"url\":\"https:\/\/justice-initiative.eu\/wp-content\/uploads\/2021\/09\/favicon.png\",\"contentUrl\":\"https:\/\/justice-initiative.eu\/wp-content\/uploads\/2021\/09\/favicon.png\",\"width\":100,\"height\":103,\"caption\":\"Justice Initiative\"},\"image\":{\"@id\":\"https:\/\/justice-initiative.eu\/pt-pt\/#\/schema\/logo\/image\/\"}}]}<\/script>\n<!-- \/ Yoast SEO plugin. -->","yoast_head_json":{"title":"Council of Europe motion | Justice Initiative","description":"Our 4 demands of the initiative: Truth about child abuses \u2713 Official recognition \u2713 Reparation \u2713 Prevention \u2713 For more Information click here!","robots":{"index":"index","follow":"follow","max-snippet":"max-snippet:-1","max-image-preview":"max-image-preview:large","max-video-preview":"max-video-preview:-1"},"canonical":"https:\/\/justice-initiative.eu\/pt-pt\/motion\/","og_locale":"pt_PT","og_type":"article","og_title":"Council of Europe motion | Justice Initiative","og_description":"Our 4 demands of the initiative: Truth about child abuses \u2713 Official recognition \u2713 Reparation \u2713 Prevention \u2713 For more Information click here!","og_url":"https:\/\/justice-initiative.eu\/pt-pt\/motion\/","og_site_name":"Justice Initiative","article_modified_time":"2022-05-09T14:09:37+00:00","twitter_card":"summary_large_image","twitter_misc":{"Tempo estimado de leitura":"4 minutos"},"schema":{"@context":"https:\/\/schema.org","@graph":[{"@type":"WebPage","@id":"https:\/\/justice-initiative.eu\/pt-pt\/motion\/","url":"https:\/\/justice-initiative.eu\/pt-pt\/motion\/","name":"Council of Europe motion | Justice Initiative","isPartOf":{"@id":"https:\/\/justice-initiative.eu\/pt-pt\/#website"},"datePublished":"2021-09-03T03:15:12+00:00","dateModified":"2022-05-09T14:09:37+00:00","description":"Our 4 demands of the initiative: Truth about child abuses \u2713 Official recognition \u2713 Reparation \u2713 Prevention \u2713 For more Information click here!","breadcrumb":{"@id":"https:\/\/justice-initiative.eu\/pt-pt\/motion\/#breadcrumb"},"inLanguage":"pt-PT","potentialAction":[{"@type":"ReadAction","target":["https:\/\/justice-initiative.eu\/pt-pt\/motion\/"]}]},{"@type":"BreadcrumbList","@id":"https:\/\/justice-initiative.eu\/pt-pt\/motion\/#breadcrumb","itemListElement":[{"@type":"ListItem","position":1,"name":"Home","item":"https:\/\/justice-initiative.eu\/pt-pt\/"},{"@type":"ListItem","position":2,"name":"MOVIMENTO"}]},{"@type":"WebSite","@id":"https:\/\/justice-initiative.eu\/pt-pt\/#website","url":"https:\/\/justice-initiative.eu\/pt-pt\/","name":"Justice Initiative","description":"","publisher":{"@id":"https:\/\/justice-initiative.eu\/pt-pt\/#organization"},"potentialAction":[{"@type":"SearchAction","target":{"@type":"EntryPoint","urlTemplate":"https:\/\/justice-initiative.eu\/pt-pt\/?s={search_term_string}"},"query-input":"required name=search_term_string"}],"inLanguage":"pt-PT"},{"@type":"Organization","@id":"https:\/\/justice-initiative.eu\/pt-pt\/#organization","name":"Justice Initiative","url":"https:\/\/justice-initiative.eu\/pt-pt\/","logo":{"@type":"ImageObject","inLanguage":"pt-PT","@id":"https:\/\/justice-initiative.eu\/pt-pt\/#\/schema\/logo\/image\/","url":"https:\/\/justice-initiative.eu\/wp-content\/uploads\/2021\/09\/favicon.png","contentUrl":"https:\/\/justice-initiative.eu\/wp-content\/uploads\/2021\/09\/favicon.png","width":100,"height":103,"caption":"Justice Initiative"},"image":{"@id":"https:\/\/justice-initiative.eu\/pt-pt\/#\/schema\/logo\/image\/"}}]}},"_links":{"self":[{"href":"https:\/\/justice-initiative.eu\/pt-pt\/wp-json\/wp\/v2\/pages\/2895"}],"collection":[{"href":"https:\/\/justice-initiative.eu\/pt-pt\/wp-json\/wp\/v2\/pages"}],"about":[{"href":"https:\/\/justice-initiative.eu\/pt-pt\/wp-json\/wp\/v2\/types\/page"}],"author":[{"embeddable":true,"href":"https:\/\/justice-initiative.eu\/pt-pt\/wp-json\/wp\/v2\/users\/2"}],"replies":[{"embeddable":true,"href":"https:\/\/justice-initiative.eu\/pt-pt\/wp-json\/wp\/v2\/comments?post=2895"}],"version-history":[{"count":7,"href":"https:\/\/justice-initiative.eu\/pt-pt\/wp-json\/wp\/v2\/pages\/2895\/revisions"}],"predecessor-version":[{"id":4687,"href":"https:\/\/justice-initiative.eu\/pt-pt\/wp-json\/wp\/v2\/pages\/2895\/revisions\/4687"}],"wp:attachment":[{"href":"https:\/\/justice-initiative.eu\/pt-pt\/wp-json\/wp\/v2\/media?parent=2895"}],"curies":[{"name":"wp","href":"https:\/\/api.w.org\/{rel}","templated":true}]}}