{"id":2856,"date":"2021-09-03T05:15:12","date_gmt":"2021-09-03T03:15:12","guid":{"rendered":"https:\/\/justice-initiative.eu\/motion\/"},"modified":"2022-05-18T11:13:59","modified_gmt":"2022-05-18T09:13:59","slug":"motion","status":"publish","type":"page","link":"https:\/\/justice-initiative.eu\/pl\/motion\/","title":{"rendered":"RUCH"},"content":{"rendered":"<div class=\"fusion-fullwidth fullwidth-box fusion-builder-row-1 fusion-flex-container nonhundred-percent-fullwidth non-hundred-percent-height-scrolling\" style=\"--awb-border-radius-top-left:0px;--awb-border-radius-top-right:0px;--awb-border-radius-bottom-right:0px;--awb-border-radius-bottom-left:0px;--awb-flex-wrap:wrap;\" ><div class=\"fusion-builder-row fusion-row fusion-flex-align-items-flex-start fusion-flex-content-wrap\" style=\"max-width:1289.6px;margin-left: calc(-4% \/ 2 );margin-right: calc(-4% \/ 2 );\"><div class=\"fusion-layout-column fusion_builder_column fusion-builder-column-0 fusion_builder_column_1_1 1_1 fusion-flex-column\" style=\"--awb-bg-size:cover;--awb-width-large:100%;--awb-margin-top-large:0px;--awb-spacing-right-large:1.92%;--awb-margin-bottom-large:20px;--awb-spacing-left-large:1.92%;--awb-width-medium:100%;--awb-order-medium:0;--awb-spacing-right-medium:1.92%;--awb-spacing-left-medium:1.92%;--awb-width-small:100%;--awb-order-small:0;--awb-spacing-right-small:1.92%;--awb-spacing-left-small:1.92%;\"><div class=\"fusion-column-wrapper fusion-column-has-shadow fusion-flex-justify-content-flex-start fusion-content-layout-column\"><div class=\"fusion-title title fusion-title-1 fusion-sep-none fusion-title-text fusion-title-size-two\"><h2 class=\"fusion-title-heading title-heading-left\" style=\"margin:0;\"><p style=\"font-weight: 400;\">Jesieni\u0105 2021 roku do Rady Europy wp\u0142yn\u0105\u0142 wniosek.<\/p><\/h2><\/div><div class=\"fusion-separator\" style=\"align-self: flex-start;margin-right:auto;margin-top:0px;margin-bottom:40px;width:100%;max-width:200px;\"><div class=\"fusion-separator-border sep-single sep-solid\" style=\"--awb-height:20px;--awb-amount:20px;--awb-sep-color:#fec96b;border-color:#fec96b;border-top-width:3px;\"><\/div><\/div><div class=\"fusion-text fusion-text-1 fusion-text-no-margin\" style=\"--awb-margin-bottom:40px;\"><p style=\"font-weight: 400;\">Podstaw\u0105 jest protok\u00f3\u0142 ustale\u0144, kt\u00f3ry zosta\u0142 podpisany jesieni\u0105 2021 r. na du\u017cym europejskim sympozjum w Szwajcarii. W centrum inicjatywy znajduj\u0105 si\u0119 cztery \u017c\u0105dania.<\/p>\n<\/div><div class=\"fusion-content-boxes content-boxes columns row fusion-columns-1 fusion-columns-total-4 fusion-content-boxes-1 content-boxes-icon-with-title content-left fusion-delayed-animation\" style=\"--awb-margin-bottom:0px;--awb-hover-accent-color:#fec96b;--awb-circle-hover-accent-color:transparent;--awb-item-margin-bottom:40px;\" data-animation-delay=\"200\" data-animationOffset=\"top-into-view\"><div style=\"--awb-backgroundcolor:#f8f8f8;\" class=\"fusion-column content-box-column content-box-column content-box-column-1 col-lg-12 col-md-12 col-sm-12 fusion-content-box-hover content-box-column-last-in-row\"><div class=\"col content-box-wrapper content-wrapper-background link-area-link-icon icon-hover-animation-fade fusion-animated\" data-animationType=\"fadeInLeft\" data-animationDuration=\"1.0\" data-animationOffset=\"top-into-view\"><div class=\"heading heading-with-icon icon-left\"><div class=\"icon\" style=\"-webkit-animation-duration: 200ms;animation-duration: 200ms;\"><i style=\"background-color:transparent;border-color:transparent;height:auto;width: 26px;line-height:normal;font-size:26px;\" aria-hidden=\"true\" class=\"fontawesome-icon fa-angle-double-right fas circle-no\"><\/i><\/div><h3 class=\"content-box-heading\" style=\"--h3_typography-font-size:26px;line-height:31px;\">Prawda o wykorzystywaniu dzieci<\/h3><\/div><div class=\"fusion-clearfix\"><\/div><div class=\"content-container\">\n<p style=\"font-weight: 400;\">Rada Europy i pa\u0144stwa cz\u0142onkowskie zapewniaj\u0105 niezale\u017cne badania \u015bledcze w sprawie \u0142amania praw dziecka w poszczeg\u00f3lnych krajach i promuj\u0105 publiczn\u0105 dyskusj\u0119 na ten temat. Dochodzenie powinno by\u0107 kompleksowe. Do prowadzenia solidnych bada\u0144 naukowych nad tym zagadnieniem musz\u0105 by\u0107 zaanga\u017cowani eksperci z r\u00f3\u017cnych dziedzin nauk spo\u0142ecznych.<\/p>\n<\/div><\/div><\/div><div style=\"--awb-backgroundcolor:#f8f8f8;\" class=\"fusion-column content-box-column content-box-column content-box-column-2 col-lg-12 col-md-12 col-sm-12 fusion-content-box-hover content-box-column-last-in-row\"><div class=\"col content-box-wrapper content-wrapper-background link-area-link-icon icon-hover-animation-fade fusion-animated\" data-animationType=\"fadeInLeft\" data-animationDuration=\"1.0\" data-animationOffset=\"top-into-view\"><div class=\"heading heading-with-icon icon-left\"><div class=\"icon\" style=\"-webkit-animation-duration: 200ms;animation-duration: 200ms;\"><i style=\"background-color:transparent;border-color:transparent;height:auto;width: 26px;line-height:normal;font-size:26px;\" aria-hidden=\"true\" class=\"fontawesome-icon fa-angle-double-right fas circle-no\"><\/i><\/div><h3 class=\"content-box-heading\" style=\"--h3_typography-font-size:26px;line-height:31px;\">Oficjalne uznanie<\/h3><\/div><div class=\"fusion-clearfix\"><\/div><div class=\"content-container\">\n<p style=\"font-weight: 400;\">Rada Europy i pa\u0144stwa cz\u0142onkowskie zapewniaj\u0105 oficjalne uznanie krzywdy dzieci, kt\u00f3re ucierpia\u0142y z powodu wszelkiego rodzaju przemocy seksualnej, fizycznej i psychicznej (w tym negatywnego wp\u0142ywu dyskryminacji), zw\u0142aszcza w odniesieniu do dzieci w instytucjach prywatnych i publicznych\/ko\u015bcielnych oraz dzieci umieszczonych na zewn\u0105trz, przymusowo adoptowanych lub oddzielonych od swoich matek. Uznanie krzywd i przeprosiny pa\u0144stwa musz\u0105 by\u0107 zapewnione zgodnie z najlepszymi mi\u0119dzynarodowymi standardami i praktykami.<\/p>\n<\/div><\/div><\/div><div style=\"--awb-backgroundcolor:#f8f8f8;\" class=\"fusion-column content-box-column content-box-column content-box-column-3 col-lg-12 col-md-12 col-sm-12 fusion-content-box-hover content-box-column-last-in-row\"><div class=\"col content-box-wrapper content-wrapper-background link-area-link-icon icon-hover-animation-fade fusion-animated\" data-animationType=\"fadeInLeft\" data-animationDuration=\"1.0\" data-animationOffset=\"top-into-view\"><div class=\"heading heading-with-icon icon-left\"><div class=\"icon\" style=\"-webkit-animation-duration: 200ms;animation-duration: 200ms;\"><i style=\"background-color:transparent;border-color:transparent;height:auto;width: 26px;line-height:normal;font-size:26px;\" aria-hidden=\"true\" class=\"fontawesome-icon fa-angle-double-right fas circle-no\"><\/i><\/div><h3 class=\"content-box-heading\" style=\"--h3_typography-font-size:26px;line-height:31px;\">Rekompensata<\/h3><\/div><div class=\"fusion-clearfix\"><\/div><div class=\"content-container\">\n<p style=\"font-weight: 400;\">Rada Europy i pa\u0144stwa cz\u0142onkowskie zapewniaj\u0105 oficjalne zado\u015b\u0107uczynienie dzieciom, kt\u00f3re ucierpia\u0142y z powodu wszelkiego rodzaju przemocy seksualnej, fizycznej i psychicznej. Rada Europy i pa\u0144stwa cz\u0142onkowskie zapewniaj\u0105 ofiarom wsparcie solidarno\u015bciowe kt\u00f3rego wysoko\u015b\u0107 nale\u017cy okre\u015bli\u0107 zgodnie z najlepszymi praktykami mi\u0119dzynarodowymi. Ci, kt\u00f3rzy jako dzieci zostali powa\u017cnie dotkni\u0119ci naruszeniami praw cz\u0142owieka i praw dziecka, maj\u0105 prawo do zado\u015b\u0107uczynienia.<\/p>\n<p style=\"font-weight: 400;\">Osoby fizyczne maj\u0105 prawo do otrzymania wsparcia solidarno\u015bciowego bez \u017cadnych ogranicze\u0144 czasowych. Czas, w kt\u00f3rym dosz\u0142o do nadu\u017cycia i czas, w kt\u00f3rym dana osoba ujawnia nadu\u017cycia, nie b\u0119dzie uzasadnieniem odmowy otrzymania wsparcia.<\/p>\n<\/div><\/div><\/div><div style=\"--awb-backgroundcolor:#f8f8f8;\" class=\"fusion-column content-box-column content-box-column content-box-column-4 col-lg-12 col-md-12 col-sm-12 fusion-content-box-hover content-box-column-last content-box-column-last-in-row\"><div class=\"col content-box-wrapper content-wrapper-background link-area-link-icon icon-hover-animation-fade fusion-animated\" data-animationType=\"fadeInLeft\" data-animationDuration=\"1.0\" data-animationOffset=\"top-into-view\"><div class=\"heading heading-with-icon icon-left\"><div class=\"icon\" style=\"-webkit-animation-duration: 200ms;animation-duration: 200ms;\"><i style=\"background-color:transparent;border-color:transparent;height:auto;width: 26px;line-height:normal;font-size:26px;\" aria-hidden=\"true\" class=\"fontawesome-icon fa-angle-double-right fas circle-no\"><\/i><\/div><h3 class=\"content-box-heading\" style=\"--h3_typography-font-size:26px;line-height:31px;\">Profilaktyka<\/h3><\/div><div class=\"fusion-clearfix\"><\/div><div class=\"content-container\">\n<p style=\"font-weight: 400;\">Rada Europy i pa\u0144stwa cz\u0142onkowskie zapewniaj\u0105, \u017ce obecne prawodawstwo w poszczeg\u00f3lnych krajach koncentruje si\u0119 na ochronie wszystkich dzieci przed nadu\u017cyciami i maltretowaniem oraz \u017ce wzmocnione zostan\u0105 dzia\u0142ania prewencyjne.<\/p>\n<p style=\"font-weight: 400;\">Zgromadzenie Parlamentarne Rady Europy r\u00f3wnie\u017c powinno formu\u0142owa\u0107 zalecenia w tym zakresie.<\/p>\n<\/div><\/div><\/div><div class=\"fusion-clearfix\"><\/div><\/div><div ><a class=\"fusion-button button-flat fusion-button-default-size button-default fusion-button-default button-1 fusion-button-default-span fusion-button-default-type\" style=\"--button_margin-top:25px;\" target=\"_self\" href=\"https:\/\/justice-initiative.eu\/contact\/\"><span class=\"fusion-button-text\">For further questions please contact us<\/span><\/a><\/div>\n<\/div><\/div><\/div><\/div>\n","protected":false},"excerpt":{"rendered":"","protected":false},"author":2,"featured_media":0,"parent":0,"menu_order":0,"comment_status":"closed","ping_status":"closed","template":"100-width.php","meta":[],"yoast_head":"<!-- This site is optimized with the Yoast SEO plugin v21.7 - https:\/\/yoast.com\/wordpress\/plugins\/seo\/ -->\n<title>Council of Europe motion | Justice Initiative<\/title>\n<meta name=\"description\" content=\"Our 4 demands of the initiative: Truth about child abuses \u2713 Official recognition \u2713 Reparation \u2713 Prevention \u2713 For more Information click here!\" \/>\n<meta name=\"robots\" content=\"index, follow, max-snippet:-1, max-image-preview:large, max-video-preview:-1\" \/>\n<link rel=\"canonical\" href=\"https:\/\/justice-initiative.eu\/pl\/motion\/\" \/>\n<meta property=\"og:locale\" content=\"pl_PL\" \/>\n<meta property=\"og:type\" content=\"article\" \/>\n<meta property=\"og:title\" content=\"Council of Europe motion | Justice Initiative\" \/>\n<meta property=\"og:description\" content=\"Our 4 demands of the initiative: Truth about child abuses \u2713 Official recognition \u2713 Reparation \u2713 Prevention \u2713 For more Information click here!\" \/>\n<meta property=\"og:url\" content=\"https:\/\/justice-initiative.eu\/pl\/motion\/\" \/>\n<meta property=\"og:site_name\" content=\"Justice Initiative\" \/>\n<meta property=\"article:modified_time\" content=\"2022-05-18T09:13:59+00:00\" \/>\n<meta name=\"twitter:card\" content=\"summary_large_image\" \/>\n<meta name=\"twitter:label1\" content=\"Szacowany czas czytania\" \/>\n\t<meta name=\"twitter:data1\" content=\"4 minuty\" \/>\n<script type=\"application\/ld+json\" class=\"yoast-schema-graph\">{\"@context\":\"https:\/\/schema.org\",\"@graph\":[{\"@type\":\"WebPage\",\"@id\":\"https:\/\/justice-initiative.eu\/pl\/motion\/\",\"url\":\"https:\/\/justice-initiative.eu\/pl\/motion\/\",\"name\":\"Council of Europe motion | Justice Initiative\",\"isPartOf\":{\"@id\":\"https:\/\/justice-initiative.eu\/pl\/#website\"},\"datePublished\":\"2021-09-03T03:15:12+00:00\",\"dateModified\":\"2022-05-18T09:13:59+00:00\",\"description\":\"Our 4 demands of the initiative: Truth about child abuses \u2713 Official recognition \u2713 Reparation \u2713 Prevention \u2713 For more Information click here!\",\"breadcrumb\":{\"@id\":\"https:\/\/justice-initiative.eu\/pl\/motion\/#breadcrumb\"},\"inLanguage\":\"pl-PL\",\"potentialAction\":[{\"@type\":\"ReadAction\",\"target\":[\"https:\/\/justice-initiative.eu\/pl\/motion\/\"]}]},{\"@type\":\"BreadcrumbList\",\"@id\":\"https:\/\/justice-initiative.eu\/pl\/motion\/#breadcrumb\",\"itemListElement\":[{\"@type\":\"ListItem\",\"position\":1,\"name\":\"Home\",\"item\":\"https:\/\/justice-initiative.eu\/pl\/\"},{\"@type\":\"ListItem\",\"position\":2,\"name\":\"RUCH\"}]},{\"@type\":\"WebSite\",\"@id\":\"https:\/\/justice-initiative.eu\/pl\/#website\",\"url\":\"https:\/\/justice-initiative.eu\/pl\/\",\"name\":\"Justice Initiative\",\"description\":\"\",\"publisher\":{\"@id\":\"https:\/\/justice-initiative.eu\/pl\/#organization\"},\"potentialAction\":[{\"@type\":\"SearchAction\",\"target\":{\"@type\":\"EntryPoint\",\"urlTemplate\":\"https:\/\/justice-initiative.eu\/pl\/?s={search_term_string}\"},\"query-input\":\"required name=search_term_string\"}],\"inLanguage\":\"pl-PL\"},{\"@type\":\"Organization\",\"@id\":\"https:\/\/justice-initiative.eu\/pl\/#organization\",\"name\":\"Justice Initiative\",\"url\":\"https:\/\/justice-initiative.eu\/pl\/\",\"logo\":{\"@type\":\"ImageObject\",\"inLanguage\":\"pl-PL\",\"@id\":\"https:\/\/justice-initiative.eu\/pl\/#\/schema\/logo\/image\/\",\"url\":\"https:\/\/justice-initiative.eu\/wp-content\/uploads\/2021\/09\/favicon.png\",\"contentUrl\":\"https:\/\/justice-initiative.eu\/wp-content\/uploads\/2021\/09\/favicon.png\",\"width\":100,\"height\":103,\"caption\":\"Justice Initiative\"},\"image\":{\"@id\":\"https:\/\/justice-initiative.eu\/pl\/#\/schema\/logo\/image\/\"}}]}<\/script>\n<!-- \/ Yoast SEO plugin. -->","yoast_head_json":{"title":"Council of Europe motion | Justice Initiative","description":"Our 4 demands of the initiative: Truth about child abuses \u2713 Official recognition \u2713 Reparation \u2713 Prevention \u2713 For more Information click here!","robots":{"index":"index","follow":"follow","max-snippet":"max-snippet:-1","max-image-preview":"max-image-preview:large","max-video-preview":"max-video-preview:-1"},"canonical":"https:\/\/justice-initiative.eu\/pl\/motion\/","og_locale":"pl_PL","og_type":"article","og_title":"Council of Europe motion | Justice Initiative","og_description":"Our 4 demands of the initiative: Truth about child abuses \u2713 Official recognition \u2713 Reparation \u2713 Prevention \u2713 For more Information click here!","og_url":"https:\/\/justice-initiative.eu\/pl\/motion\/","og_site_name":"Justice Initiative","article_modified_time":"2022-05-18T09:13:59+00:00","twitter_card":"summary_large_image","twitter_misc":{"Szacowany czas czytania":"4 minuty"},"schema":{"@context":"https:\/\/schema.org","@graph":[{"@type":"WebPage","@id":"https:\/\/justice-initiative.eu\/pl\/motion\/","url":"https:\/\/justice-initiative.eu\/pl\/motion\/","name":"Council of Europe motion | Justice Initiative","isPartOf":{"@id":"https:\/\/justice-initiative.eu\/pl\/#website"},"datePublished":"2021-09-03T03:15:12+00:00","dateModified":"2022-05-18T09:13:59+00:00","description":"Our 4 demands of the initiative: Truth about child abuses \u2713 Official recognition \u2713 Reparation \u2713 Prevention \u2713 For more Information click here!","breadcrumb":{"@id":"https:\/\/justice-initiative.eu\/pl\/motion\/#breadcrumb"},"inLanguage":"pl-PL","potentialAction":[{"@type":"ReadAction","target":["https:\/\/justice-initiative.eu\/pl\/motion\/"]}]},{"@type":"BreadcrumbList","@id":"https:\/\/justice-initiative.eu\/pl\/motion\/#breadcrumb","itemListElement":[{"@type":"ListItem","position":1,"name":"Home","item":"https:\/\/justice-initiative.eu\/pl\/"},{"@type":"ListItem","position":2,"name":"RUCH"}]},{"@type":"WebSite","@id":"https:\/\/justice-initiative.eu\/pl\/#website","url":"https:\/\/justice-initiative.eu\/pl\/","name":"Justice Initiative","description":"","publisher":{"@id":"https:\/\/justice-initiative.eu\/pl\/#organization"},"potentialAction":[{"@type":"SearchAction","target":{"@type":"EntryPoint","urlTemplate":"https:\/\/justice-initiative.eu\/pl\/?s={search_term_string}"},"query-input":"required name=search_term_string"}],"inLanguage":"pl-PL"},{"@type":"Organization","@id":"https:\/\/justice-initiative.eu\/pl\/#organization","name":"Justice Initiative","url":"https:\/\/justice-initiative.eu\/pl\/","logo":{"@type":"ImageObject","inLanguage":"pl-PL","@id":"https:\/\/justice-initiative.eu\/pl\/#\/schema\/logo\/image\/","url":"https:\/\/justice-initiative.eu\/wp-content\/uploads\/2021\/09\/favicon.png","contentUrl":"https:\/\/justice-initiative.eu\/wp-content\/uploads\/2021\/09\/favicon.png","width":100,"height":103,"caption":"Justice Initiative"},"image":{"@id":"https:\/\/justice-initiative.eu\/pl\/#\/schema\/logo\/image\/"}}]}},"_links":{"self":[{"href":"https:\/\/justice-initiative.eu\/pl\/wp-json\/wp\/v2\/pages\/2856"}],"collection":[{"href":"https:\/\/justice-initiative.eu\/pl\/wp-json\/wp\/v2\/pages"}],"about":[{"href":"https:\/\/justice-initiative.eu\/pl\/wp-json\/wp\/v2\/types\/page"}],"author":[{"embeddable":true,"href":"https:\/\/justice-initiative.eu\/pl\/wp-json\/wp\/v2\/users\/2"}],"replies":[{"embeddable":true,"href":"https:\/\/justice-initiative.eu\/pl\/wp-json\/wp\/v2\/comments?post=2856"}],"version-history":[{"count":6,"href":"https:\/\/justice-initiative.eu\/pl\/wp-json\/wp\/v2\/pages\/2856\/revisions"}],"predecessor-version":[{"id":5266,"href":"https:\/\/justice-initiative.eu\/pl\/wp-json\/wp\/v2\/pages\/2856\/revisions\/5266"}],"wp:attachment":[{"href":"https:\/\/justice-initiative.eu\/pl\/wp-json\/wp\/v2\/media?parent=2856"}],"curies":[{"name":"wp","href":"https:\/\/api.w.org\/{rel}","templated":true}]}}