{"id":2848,"date":"2021-09-03T04:06:37","date_gmt":"2021-09-03T02:06:37","guid":{"rendered":"https:\/\/justice-initiative.eu\/about\/"},"modified":"2022-05-19T11:12:12","modified_gmt":"2022-05-19T09:12:12","slug":"about","status":"publish","type":"page","link":"https:\/\/justice-initiative.eu\/pl\/about\/","title":{"rendered":"O NAS"},"content":{"rendered":"<div class=\"fusion-fullwidth fullwidth-box fusion-builder-row-1 fusion-flex-container nonhundred-percent-fullwidth non-hundred-percent-height-scrolling\" style=\"--awb-border-radius-top-left:0px;--awb-border-radius-top-right:0px;--awb-border-radius-bottom-right:0px;--awb-border-radius-bottom-left:0px;--awb-flex-wrap:wrap;\" ><div class=\"fusion-builder-row fusion-row fusion-flex-align-items-flex-start fusion-flex-content-wrap\" style=\"max-width:1289.6px;margin-left: calc(-4% \/ 2 );margin-right: calc(-4% \/ 2 );\"><div class=\"fusion-layout-column fusion_builder_column fusion-builder-column-0 fusion_builder_column_1_1 1_1 fusion-flex-column\" style=\"--awb-bg-size:cover;--awb-width-large:100%;--awb-margin-top-large:0px;--awb-spacing-right-large:1.92%;--awb-margin-bottom-large:20px;--awb-spacing-left-large:1.92%;--awb-width-medium:100%;--awb-order-medium:0;--awb-spacing-right-medium:1.92%;--awb-spacing-left-medium:1.92%;--awb-width-small:100%;--awb-order-small:0;--awb-spacing-right-small:1.92%;--awb-spacing-left-small:1.92%;\"><div class=\"fusion-column-wrapper fusion-column-has-shadow fusion-flex-justify-content-flex-start fusion-content-layout-column\"><div class=\"fusion-title title fusion-title-1 fusion-sep-none fusion-title-text fusion-title-size-two\"><h2 class=\"fusion-title-heading title-heading-left\" style=\"margin:0;\"><p style=\"font-weight: 400;\">Historia naszej inicjatywy politycznej<\/p><\/h2><\/div><div class=\"fusion-separator\" style=\"align-self: flex-start;margin-right:auto;margin-top:0px;margin-bottom:40px;width:100%;max-width:200px;\"><div class=\"fusion-separator-border sep-single sep-solid\" style=\"--awb-height:20px;--awb-amount:20px;--awb-sep-color:#fec96b;border-color:#fec96b;border-top-width:3px;\"><\/div><\/div><div class=\"fusion-text fusion-text-1\"><p style=\"font-weight: 400;\"><strong>Wykorzystywanie dzieci i brak historycznej ponownej oceny jest problemem og\u00f3lnoeuropejskim. W tym kontek\u015bcie Szwajcaria jest wzorem do na\u015bladowania, je\u015bli chodzi o radzenie sobie z przesz\u0142o\u015bci\u0105. Inicjatywa polityczna doprowadzi\u0142a tam do kompleksowego rozwi\u0105zania. W centrum by\u0142y: prawda o wykorzystywaniu dzieci, oficjalne uznanie, zado\u015b\u0107uczynienie, zapobieganie. T\u0105 udan\u0105 \u015bcie\u017ck\u0105 nale\u017cy pod\u0105\u017ca\u0107 na szczeblu europejskim.\u00a0 Do\u015bwiadczenie Szwajcarii stanowi podstaw\u0119 prac politycznych na szczeblu europejskim.<\/strong><\/p>\n<p style=\"font-weight: 400;\">W Szwajcarii dziesi\u0105tki tysi\u0119cy dzieci i m\u0142odzie\u017cy by\u0142o kierowanych przez w\u0142adze do gospodarstw rolnych jako tanie \u017ar\u00f3d\u0142o si\u0142y roboczej lub umieszczanych w surowo zarz\u0105dzanych domach, w instytucjach zamkni\u0119tych, a nawet wi\u0119zieniach, bez \u017cadnej formy orzeczenia s\u0105dowego. Te dzieci i m\u0142odzie\u017c cz\u0119sto do\u015bwiadcza\u0142y niewypowiedzianego cierpienia i niesprawiedliwo\u015bci. W niekt\u00f3rych przypadkach by\u0142y nara\u017cane na ogromn\u0105 przemoc fizyczn\u0105 i psychiczn\u0105, by\u0142y wykorzystywane seksualnie, a tak\u017ce ogromnie cierpia\u0142y z powodu separacji z rodzicami i rodze\u0144stwem. Dzi\u0119ki inicjatywie Fundacji Guido Fluri, kt\u00f3ra zebra\u0142a ponad 100 000 podpis\u00f3w, wiele si\u0119 zmieni\u0142o na poziomie spo\u0142ecznym i politycznym w kr\u00f3tkim czasie, co zaowocowa\u0142o ponownym przemy\u015bleniem. W rekordowym czasie federalna ustawa o obowi\u0105zkowych \u015brodkach socjalnych i sta\u017cach przed 1981 r. (CSMPA) zosta\u0142a opracowana i przyj\u0119ta przez obie izby parlamentu wyra\u017an\u0105 wi\u0119kszo\u015bci\u0105 g\u0142os\u00f3w. Ustawa wesz\u0142a w \u017cycie 1 kwietnia 2017 r., a proces rozliczania si\u0119 z przesz\u0142o\u015bci\u0105 jest obecnie w toku.<\/p>\n<p style=\"font-weight: 400;\">Szwajcarski proces ponownej oceny by\u0142 obserwowany z du\u017cym zainteresowaniem w krajach s\u0105siednich. Jakkolwiek r\u00f3\u017cne i specyficzne s\u0105 przypadki nadu\u017cy\u0107 w poszczeg\u00f3lnych krajach, ludzie z wielu innych kraj\u00f3w europejskich s\u0105 dotkni\u0119ci podobnymi naruszeniami praw cz\u0142owieka. Pozytywne do\u015bwiadczenia Szwajcarii maj\u0105 na celu wsparcie innych kraj\u00f3w europejskich, kt\u00f3re rozpoczynaj\u0105 proces pogodzenia si\u0119 z przesz\u0142o\u015bci\u0105 lub ju\u017c s\u0105 na tej drodze. Guido Fluri, prezes fundacji o tej samej nazwie, kt\u00f3ra zajmuje si\u0119 ochron\u0105 dzieci, ponownie poprze europejsk\u0105 inicjatyw\u0119 polityczn\u0105, tak jak to ju\u017c zrobi\u0142 w Szwajcarii.<\/p>\n<p style=\"font-weight: 400;\">Mi\u0119dzynarodowe sympozjum w Bernie w po\u0142owie wrze\u015bnia by\u0142o pierwszym krokiem w tym kierunku. Przeanalizowano sytuacj\u0119 w r\u00f3\u017cnych krajach europejskich, a przedstawiciele m.in. Federalnego Urz\u0119du Sprawiedliwo\u015bci pokazali, w jaki spos\u00f3b Szwajcaria wdro\u017cy\u0142a proces rozliczania si\u0119 ze swoj\u0105 przesz\u0142o\u015bci\u0105 i jak ukierunkowane projekty samopomocy pomagaj\u0105 ocala\u0142ym i ofiarom, poza rozwi\u0105zaniami prawnymi. W sympozjum wzi\u0119li udzia\u0142 mi\u0119dzynarodowi eksperci, osoby i reprezentuj\u0105ce ich organizacje, przedstawiciele medi\u00f3w ze Szwajcarii i zagranicy. Przy okazji tego sympozjum uczestnicy postanowili z\u0142o\u017cy\u0107 wniosek do Rady Europy.<\/p>\n<p>An international symposium in Bern Mid september was a first step in this direction. The situation in the various European countries were examined and representatives of the Federal Office of Justice, among others, showed how Switzerland has implemented the process of reckoning with its past and how targeted self-help projects are helping survivors and victims, beyond legal solutions. The symposium was attended by international experts, affected persons and organisations representing them, representatives of the media from Switzerland and abroad. On the occasion of this symposium, the participants decided to launch a motion to the Council of Europe.<\/p>\n<\/div><div ><a class=\"fusion-button button-flat fusion-button-default-size button-default fusion-button-default button-1 fusion-button-default-span fusion-button-default-type\" style=\"--button_margin-top:25px;\" target=\"_self\" href=\"https:\/\/justice-initiative.eu\/contact\/\"><span class=\"fusion-button-text\">For further questions please contact us<\/span><\/a><\/div>\n<\/div><\/div><\/div><\/div>\n","protected":false},"excerpt":{"rendered":"","protected":false},"author":2,"featured_media":0,"parent":0,"menu_order":0,"comment_status":"closed","ping_status":"closed","template":"100-width.php","meta":[],"yoast_head":"<!-- This site is optimized with the Yoast SEO plugin v21.7 - https:\/\/yoast.com\/wordpress\/plugins\/seo\/ -->\n<title>Abuse of children |An ongoing issue in Europe | Justice Initiative<\/title>\n<meta name=\"description\" content=\"Our political initiative has led to a comprehensive solution. Justice Initiative is the basis for political work at the European level. Read more!\" \/>\n<meta name=\"robots\" content=\"index, follow, max-snippet:-1, max-image-preview:large, max-video-preview:-1\" \/>\n<link rel=\"canonical\" href=\"https:\/\/justice-initiative.eu\/pl\/about\/\" \/>\n<meta property=\"og:locale\" content=\"pl_PL\" \/>\n<meta property=\"og:type\" content=\"article\" \/>\n<meta property=\"og:title\" content=\"Abuse of children |An ongoing issue in Europe | Justice Initiative\" \/>\n<meta property=\"og:description\" content=\"Our political initiative has led to a comprehensive solution. Justice Initiative is the basis for political work at the European level. Read more!\" \/>\n<meta property=\"og:url\" content=\"https:\/\/justice-initiative.eu\/pl\/about\/\" \/>\n<meta property=\"og:site_name\" content=\"Justice Initiative\" \/>\n<meta property=\"article:modified_time\" content=\"2022-05-19T09:12:12+00:00\" \/>\n<meta name=\"twitter:card\" content=\"summary_large_image\" \/>\n<meta name=\"twitter:label1\" content=\"Szacowany czas czytania\" \/>\n\t<meta name=\"twitter:data1\" content=\"4 minuty\" \/>\n<script type=\"application\/ld+json\" class=\"yoast-schema-graph\">{\"@context\":\"https:\/\/schema.org\",\"@graph\":[{\"@type\":[\"WebPage\",\"AboutPage\"],\"@id\":\"https:\/\/justice-initiative.eu\/pl\/about\/\",\"url\":\"https:\/\/justice-initiative.eu\/pl\/about\/\",\"name\":\"Abuse of children |An ongoing issue in Europe | Justice Initiative\",\"isPartOf\":{\"@id\":\"https:\/\/justice-initiative.eu\/pl\/#website\"},\"datePublished\":\"2021-09-03T02:06:37+00:00\",\"dateModified\":\"2022-05-19T09:12:12+00:00\",\"description\":\"Our political initiative has led to a comprehensive solution. Justice Initiative is the basis for political work at the European level. Read more!\",\"breadcrumb\":{\"@id\":\"https:\/\/justice-initiative.eu\/pl\/about\/#breadcrumb\"},\"inLanguage\":\"pl-PL\",\"potentialAction\":[{\"@type\":\"ReadAction\",\"target\":[\"https:\/\/justice-initiative.eu\/pl\/about\/\"]}]},{\"@type\":\"BreadcrumbList\",\"@id\":\"https:\/\/justice-initiative.eu\/pl\/about\/#breadcrumb\",\"itemListElement\":[{\"@type\":\"ListItem\",\"position\":1,\"name\":\"Home\",\"item\":\"https:\/\/justice-initiative.eu\/pl\/\"},{\"@type\":\"ListItem\",\"position\":2,\"name\":\"O NAS\"}]},{\"@type\":\"WebSite\",\"@id\":\"https:\/\/justice-initiative.eu\/pl\/#website\",\"url\":\"https:\/\/justice-initiative.eu\/pl\/\",\"name\":\"Justice Initiative\",\"description\":\"\",\"publisher\":{\"@id\":\"https:\/\/justice-initiative.eu\/pl\/#organization\"},\"potentialAction\":[{\"@type\":\"SearchAction\",\"target\":{\"@type\":\"EntryPoint\",\"urlTemplate\":\"https:\/\/justice-initiative.eu\/pl\/?s={search_term_string}\"},\"query-input\":\"required name=search_term_string\"}],\"inLanguage\":\"pl-PL\"},{\"@type\":\"Organization\",\"@id\":\"https:\/\/justice-initiative.eu\/pl\/#organization\",\"name\":\"Justice Initiative\",\"url\":\"https:\/\/justice-initiative.eu\/pl\/\",\"logo\":{\"@type\":\"ImageObject\",\"inLanguage\":\"pl-PL\",\"@id\":\"https:\/\/justice-initiative.eu\/pl\/#\/schema\/logo\/image\/\",\"url\":\"https:\/\/justice-initiative.eu\/wp-content\/uploads\/2021\/09\/favicon.png\",\"contentUrl\":\"https:\/\/justice-initiative.eu\/wp-content\/uploads\/2021\/09\/favicon.png\",\"width\":100,\"height\":103,\"caption\":\"Justice Initiative\"},\"image\":{\"@id\":\"https:\/\/justice-initiative.eu\/pl\/#\/schema\/logo\/image\/\"}}]}<\/script>\n<!-- \/ Yoast SEO plugin. -->","yoast_head_json":{"title":"Abuse of children |An ongoing issue in Europe | Justice Initiative","description":"Our political initiative has led to a comprehensive solution. Justice Initiative is the basis for political work at the European level. Read more!","robots":{"index":"index","follow":"follow","max-snippet":"max-snippet:-1","max-image-preview":"max-image-preview:large","max-video-preview":"max-video-preview:-1"},"canonical":"https:\/\/justice-initiative.eu\/pl\/about\/","og_locale":"pl_PL","og_type":"article","og_title":"Abuse of children |An ongoing issue in Europe | Justice Initiative","og_description":"Our political initiative has led to a comprehensive solution. Justice Initiative is the basis for political work at the European level. Read more!","og_url":"https:\/\/justice-initiative.eu\/pl\/about\/","og_site_name":"Justice Initiative","article_modified_time":"2022-05-19T09:12:12+00:00","twitter_card":"summary_large_image","twitter_misc":{"Szacowany czas czytania":"4 minuty"},"schema":{"@context":"https:\/\/schema.org","@graph":[{"@type":["WebPage","AboutPage"],"@id":"https:\/\/justice-initiative.eu\/pl\/about\/","url":"https:\/\/justice-initiative.eu\/pl\/about\/","name":"Abuse of children |An ongoing issue in Europe | Justice Initiative","isPartOf":{"@id":"https:\/\/justice-initiative.eu\/pl\/#website"},"datePublished":"2021-09-03T02:06:37+00:00","dateModified":"2022-05-19T09:12:12+00:00","description":"Our political initiative has led to a comprehensive solution. Justice Initiative is the basis for political work at the European level. Read more!","breadcrumb":{"@id":"https:\/\/justice-initiative.eu\/pl\/about\/#breadcrumb"},"inLanguage":"pl-PL","potentialAction":[{"@type":"ReadAction","target":["https:\/\/justice-initiative.eu\/pl\/about\/"]}]},{"@type":"BreadcrumbList","@id":"https:\/\/justice-initiative.eu\/pl\/about\/#breadcrumb","itemListElement":[{"@type":"ListItem","position":1,"name":"Home","item":"https:\/\/justice-initiative.eu\/pl\/"},{"@type":"ListItem","position":2,"name":"O NAS"}]},{"@type":"WebSite","@id":"https:\/\/justice-initiative.eu\/pl\/#website","url":"https:\/\/justice-initiative.eu\/pl\/","name":"Justice Initiative","description":"","publisher":{"@id":"https:\/\/justice-initiative.eu\/pl\/#organization"},"potentialAction":[{"@type":"SearchAction","target":{"@type":"EntryPoint","urlTemplate":"https:\/\/justice-initiative.eu\/pl\/?s={search_term_string}"},"query-input":"required name=search_term_string"}],"inLanguage":"pl-PL"},{"@type":"Organization","@id":"https:\/\/justice-initiative.eu\/pl\/#organization","name":"Justice Initiative","url":"https:\/\/justice-initiative.eu\/pl\/","logo":{"@type":"ImageObject","inLanguage":"pl-PL","@id":"https:\/\/justice-initiative.eu\/pl\/#\/schema\/logo\/image\/","url":"https:\/\/justice-initiative.eu\/wp-content\/uploads\/2021\/09\/favicon.png","contentUrl":"https:\/\/justice-initiative.eu\/wp-content\/uploads\/2021\/09\/favicon.png","width":100,"height":103,"caption":"Justice Initiative"},"image":{"@id":"https:\/\/justice-initiative.eu\/pl\/#\/schema\/logo\/image\/"}}]}},"_links":{"self":[{"href":"https:\/\/justice-initiative.eu\/pl\/wp-json\/wp\/v2\/pages\/2848"}],"collection":[{"href":"https:\/\/justice-initiative.eu\/pl\/wp-json\/wp\/v2\/pages"}],"about":[{"href":"https:\/\/justice-initiative.eu\/pl\/wp-json\/wp\/v2\/types\/page"}],"author":[{"embeddable":true,"href":"https:\/\/justice-initiative.eu\/pl\/wp-json\/wp\/v2\/users\/2"}],"replies":[{"embeddable":true,"href":"https:\/\/justice-initiative.eu\/pl\/wp-json\/wp\/v2\/comments?post=2848"}],"version-history":[{"count":5,"href":"https:\/\/justice-initiative.eu\/pl\/wp-json\/wp\/v2\/pages\/2848\/revisions"}],"predecessor-version":[{"id":5175,"href":"https:\/\/justice-initiative.eu\/pl\/wp-json\/wp\/v2\/pages\/2848\/revisions\/5175"}],"wp:attachment":[{"href":"https:\/\/justice-initiative.eu\/pl\/wp-json\/wp\/v2\/media?parent=2848"}],"curies":[{"name":"wp","href":"https:\/\/api.w.org\/{rel}","templated":true}]}}